{"id":5499,"date":"2026-05-11T16:25:02","date_gmt":"2026-05-11T20:25:02","guid":{"rendered":"https:\/\/spavert.com\/?page_id=5499"},"modified":"2026-05-11T16:50:22","modified_gmt":"2026-05-11T20:50:22","slug":"wildflowers-montreal","status":"publish","type":"page","link":"https:\/\/spavert.com\/en\/wildflowers-montreal\/","title":{"rendered":"Wildflowers Montreal"},"content":{"rendered":"<p><div class=\"fusion-fullwidth fullwidth-box fusion-builder-row-1 fusion-flex-container has-pattern-background has-mask-background fusion-parallax-none nonhundred-percent-fullwidth non-hundred-percent-height-scrolling lazyload\" style=\"--awb-border-radius-top-left:0px;--awb-border-radius-top-right:0px;--awb-border-radius-bottom-right:0px;--awb-border-radius-bottom-left:0px;--awb-min-height:500px;--awb-background-size:cover;--awb-flex-wrap:wrap;\" data-bg=\"https:\/\/spavert.com\/wp-content\/uploads\/2026\/05\/IMG_1085-scaled.jpg\" ><div class=\"fusion-builder-row fusion-row fusion-flex-align-items-flex-end fusion-flex-content-wrap\" style=\"max-width:1216.8px;margin-left: calc(-4% \/ 2 );margin-right: calc(-4% \/ 2 );\"><div class=\"fusion-layout-column fusion_builder_column fusion-builder-column-0 fusion_builder_column_1_1 1_1 fusion-flex-column\" style=\"--awb-bg-size:cover;--awb-width-large:100%;--awb-margin-top-large:20px;--awb-spacing-right-large:1.92%;--awb-margin-bottom-large:20px;--awb-spacing-left-large:1.92%;--awb-width-medium:100%;--awb-order-medium:0;--awb-spacing-right-medium:1.92%;--awb-spacing-left-medium:1.92%;--awb-width-small:100%;--awb-order-small:0;--awb-spacing-right-small:1.92%;--awb-spacing-left-small:1.92%;\" data-scroll-devices=\"small-visibility,medium-visibility,large-visibility\"><div class=\"fusion-column-wrapper fusion-column-has-shadow fusion-flex-justify-content-flex-start fusion-content-layout-column\"><div class=\"fusion-title title fusion-title-1 fusion-title-text fusion-title-size-four\" style=\"--awb-text-color:var(--awb-color1);--awb-margin-bottom:0px;\"><div class=\"title-sep-container title-sep-container-left fusion-no-large-visibility fusion-no-medium-visibility fusion-no-small-visibility\"><div class=\"title-sep sep- sep-solid\" style=\"border-color:var(--awb-color3);\"><\/div><\/div><span class=\"awb-title-spacer fusion-no-large-visibility fusion-no-medium-visibility fusion-no-small-visibility\"><\/span><h4 class=\"fusion-title-heading title-heading-left fusion-responsive-typography-calculated\" style=\"margin:0;--fontSize:39.6;line-height:var(--awb-typography1-line-height);\">Resources<\/h4><span class=\"awb-title-spacer\"><\/span><div class=\"title-sep-container title-sep-container-right\"><div class=\"title-sep sep- sep-solid\" style=\"border-color:var(--awb-color3);\"><\/div><\/div><\/div><div class=\"fusion-separator\" style=\"align-self: flex-start;margin-right:auto;margin-top:10px;margin-bottom:5px;width:100%;max-width:200px;\"><div class=\"fusion-separator-border sep-single sep-solid\" style=\"--awb-height:20px;--awb-amount:20px;border-color:var(--awb-color5);border-top-width:10px;\"><\/div><\/div><div class=\"fusion-title title fusion-title-2 fusion-title-text fusion-title-size-one\" style=\"--awb-text-color:var(--awb-color1);--awb-margin-bottom:1.5rem;\"><div class=\"title-sep-container title-sep-container-left fusion-no-large-visibility fusion-no-medium-visibility fusion-no-small-visibility\"><div class=\"title-sep sep- sep-solid\" style=\"border-color:var(--awb-color3);\"><\/div><\/div><span class=\"awb-title-spacer fusion-no-large-visibility fusion-no-medium-visibility fusion-no-small-visibility\"><\/span><h1 class=\"fusion-title-heading title-heading-left fusion-responsive-typography-calculated\" style=\"margin:0;--fontSize:72;line-height:1.33;\"><p class=\"fusion-title-heading title-heading-center fusion-responsive-typography-calculated\">Wildflowers Montreal<\/p><\/h1><span class=\"awb-title-spacer\"><\/span><div class=\"title-sep-container title-sep-container-right\"><div class=\"title-sep sep- sep-solid\" style=\"border-color:var(--awb-color3);\"><\/div><\/div><\/div><\/div><\/div><\/div><\/div><div class=\"fusion-fullwidth fullwidth-box fusion-builder-row-2 fusion-flex-container has-pattern-background has-mask-background nonhundred-percent-fullwidth non-hundred-percent-height-scrolling\" style=\"--awb-border-radius-top-left:0px;--awb-border-radius-top-right:0px;--awb-border-radius-bottom-right:0px;--awb-border-radius-bottom-left:0px;--awb-padding-top:4rem;--awb-padding-bottom:2rem;--awb-flex-wrap:wrap;\" ><div class=\"fusion-builder-row fusion-row fusion-flex-align-items-center fusion-flex-justify-content-space-evenly fusion-flex-content-wrap\" style=\"max-width:1216.8px;margin-left: calc(-4% \/ 2 );margin-right: calc(-4% \/ 2 );\"><div class=\"fusion-layout-column fusion_builder_column fusion-builder-column-1 fusion_builder_column_3_4 3_4 fusion-flex-column fusion-flex-align-self-center\" style=\"--awb-bg-blend:overlay;--awb-bg-size:cover;--awb-width-large:75%;--awb-margin-top-large:20px;--awb-spacing-right-large:2.56%;--awb-margin-bottom-large:20px;--awb-spacing-left-large:2.56%;--awb-width-medium:100%;--awb-order-medium:0;--awb-spacing-right-medium:1.92%;--awb-spacing-left-medium:1.92%;--awb-width-small:100%;--awb-order-small:0;--awb-spacing-right-small:1.92%;--awb-spacing-left-small:1.92%;\"><div class=\"fusion-column-wrapper fusion-column-has-shadow fusion-flex-justify-content-flex-start fusion-content-layout-column\"><div class=\"fusion-title title fusion-title-3 fusion-title-center fusion-title-text fusion-title-size-two\" style=\"--awb-margin-bottom:0px;\"><div class=\"title-sep-container title-sep-container-left\"><div class=\"title-sep sep- sep-solid\" style=\"border-color:var(--awb-color3);\"><\/div><\/div><span class=\"awb-title-spacer\"><\/span><h2 class=\"fusion-title-heading title-heading-center fusion-responsive-typography-calculated\" style=\"margin:0;--fontSize:54;line-height:1.4;\"><span style=\"color: #b4c222;\">Wildflower Seeds in Montreal<\/span><\/h2><span class=\"awb-title-spacer\"><\/span><div class=\"title-sep-container title-sep-container-right\"><div class=\"title-sep sep- sep-solid\" style=\"border-color:var(--awb-color3);\"><\/div><\/div><\/div><div class=\"fusion-separator\" style=\"align-self: center;margin-left: auto;margin-right: auto;margin-top:25px;margin-bottom:25px;width:100%;max-width:40%;\"><div class=\"fusion-separator-border sep-single\" style=\"--awb-height:20px;--awb-amount:20px;border-color:var(--awb-color5);border-top-width:8px;\"><\/div><\/div><div class=\"fusion-text fusion-text-1\" style=\"--awb-content-alignment:center;\"><p data-pm-slice=\"1 3 &#091;&#093;\">Create a spectacular garden of popular wildflowers in various shapes and sizes. Provides exceptional beauty and colour all season long!<\/p>\n<p>Directions<\/p>\n<ul class=\"ProsemirrorEditor-list\">\n<li class=\"ProsemirrorEditor-listItem\" style=\"text-align: left;\" data-list-indent=\"1\" data-list-type=\"bulleted\">Sow seed in a sunny or partially shaded location in early spring (after the danger of frost has passed) or early summer. Clear the area to be planted. Loosen soil to a depth of 5 cm (2&#8243;) with a rake or hoe. Smooth soil surface by raking.<\/li>\n<li class=\"ProsemirrorEditor-listItem\" style=\"text-align: left;\" data-list-indent=\"1\" data-list-type=\"bulleted\">Evenly scatter the seed mixture over the prepared area. The organic vermiculite contained in the seed mixture aids in proper seed distribution. Lightly rake again to create a good seed\/soil contact.<\/li>\n<li class=\"ProsemirrorEditor-listItem\" style=\"text-align: left;\" data-list-indent=\"1\" data-list-type=\"bulleted\">Keep seed bed moist.<\/li>\n<li class=\"ProsemirrorEditor-listItem\" style=\"text-align: left;\" data-list-indent=\"1\" data-list-type=\"bulleted\">Lightly water immediately after sowing, using a fine spray. Avoid puddling. Keep seed bed moist until seedlings are well established.<\/li>\n<li class=\"ProsemirrorEditor-listItem\" style=\"text-align: left;\" data-list-indent=\"1\" data-list-type=\"bulleted\">Continue to water periodically as needed.<\/li>\n<\/ul>\n<\/div><\/div><\/div><\/div><\/div><div class=\"fusion-fullwidth fullwidth-box fusion-builder-row-3 fusion-flex-container has-pattern-background has-mask-background nonhundred-percent-fullwidth non-hundred-percent-height-scrolling\" style=\"--awb-border-radius-top-left:0px;--awb-border-radius-top-right:0px;--awb-border-radius-bottom-right:0px;--awb-border-radius-bottom-left:0px;--awb-flex-wrap:wrap;\" ><div class=\"fusion-builder-row fusion-row fusion-flex-align-items-flex-start fusion-flex-content-wrap\" style=\"max-width:1216.8px;margin-left: calc(-4% \/ 2 );margin-right: calc(-4% \/ 2 );\"><div class=\"fusion-layout-column fusion_builder_column fusion-builder-column-2 fusion_builder_column_1_1 1_1 fusion-flex-column\" style=\"--awb-bg-size:cover;--awb-width-large:100%;--awb-margin-top-large:20px;--awb-spacing-right-large:1.92%;--awb-margin-bottom-large:20px;--awb-spacing-left-large:1.92%;--awb-width-medium:100%;--awb-order-medium:0;--awb-spacing-right-medium:1.92%;--awb-spacing-left-medium:1.92%;--awb-width-small:100%;--awb-order-small:0;--awb-spacing-right-small:1.92%;--awb-spacing-left-small:1.92%;\"><div class=\"fusion-column-wrapper fusion-column-has-shadow fusion-flex-justify-content-flex-start fusion-content-layout-column\"><div class=\"fusion-separator fusion-full-width-sep\" style=\"align-self: center;margin-left: auto;margin-right: auto;margin-top:1rem;width:100%;\"><\/div><\/div><\/div><\/div><\/div><div class=\"fusion-fullwidth fullwidth-box fusion-builder-row-4 fusion-flex-container has-pattern-background has-mask-background fusion-parallax-none nonhundred-percent-fullwidth non-hundred-percent-height-scrolling lazyload\" style=\"--awb-border-radius-top-left:0px;--awb-border-radius-top-right:0px;--awb-border-radius-bottom-right:0px;--awb-border-radius-bottom-left:0px;--awb-min-height:500px;--awb-background-size:cover;--awb-flex-wrap:wrap;\" data-bg=\"https:\/\/spavert.com\/wp-content\/uploads\/2023\/03\/Espace-Vert-Services-Booking-Banner.jpg\" ><div class=\"fusion-builder-row fusion-row fusion-flex-align-items-center fusion-flex-content-wrap\" style=\"max-width:1216.8px;margin-left: calc(-4% \/ 2 );margin-right: calc(-4% \/ 2 );\"><div class=\"fusion-layout-column fusion_builder_column fusion-builder-column-3 fusion_builder_column_1_1 1_1 fusion-flex-column\" style=\"--awb-bg-size:cover;--awb-width-large:100%;--awb-margin-top-large:20px;--awb-spacing-right-large:1.92%;--awb-margin-bottom-large:20px;--awb-spacing-left-large:1.92%;--awb-width-medium:100%;--awb-order-medium:0;--awb-spacing-right-medium:1.92%;--awb-spacing-left-medium:1.92%;--awb-width-small:100%;--awb-order-small:0;--awb-spacing-right-small:1.92%;--awb-spacing-left-small:1.92%;\"><div class=\"fusion-column-wrapper fusion-column-has-shadow fusion-flex-justify-content-center fusion-content-layout-column\"><div class=\"fusion-title title fusion-title-4 fusion-title-text fusion-title-size-two\" style=\"--awb-text-color:var(--awb-color1);--awb-margin-bottom:1rem;\"><div class=\"title-sep-container title-sep-container-left fusion-no-large-visibility fusion-no-medium-visibility fusion-no-small-visibility\"><div class=\"title-sep sep- sep-solid\" style=\"border-color:var(--awb-color3);\"><\/div><\/div><span class=\"awb-title-spacer fusion-no-large-visibility fusion-no-medium-visibility fusion-no-small-visibility\"><\/span><h2 class=\"fusion-title-heading title-heading-left fusion-responsive-typography-calculated\" style=\"margin:0;--fontSize:54;line-height:1.4;\">Book your Experience<\/h2><span class=\"awb-title-spacer\"><\/span><div class=\"title-sep-container title-sep-container-right\"><div class=\"title-sep sep- sep-solid\" style=\"border-color:var(--awb-color3);\"><\/div><\/div><\/div><div class=\"fusion-separator\" style=\"align-self: flex-start;margin-right:auto;margin-top:10px;margin-bottom:5px;width:100%;max-width:200px;\"><div class=\"fusion-separator-border sep-single sep-solid\" style=\"--awb-height:20px;--awb-amount:20px;border-color:var(--awb-color5);border-top-width:10px;\"><\/div><\/div><div style=\"text-align:left;\"><a class=\"fusion-button button-flat fusion-button-default-size button-custom fusion-button-default button-1 fusion-button-default-span fusion-button-default-type\" style=\"--button_accent_color:#ffffff;--button_border_color:#ffffff;--button_accent_hover_color:var(--awb-color1);--button_border_hover_color:var(--awb-color1);--button_gradient_top_color:rgba(255,255,255,0);--button_gradient_bottom_color:rgba(255,255,255,0);--button_gradient_top_color_hover:rgba(255,255,255,0);--button_gradient_bottom_color_hover:rgba(255,255,255,0);--button_font_size:24px;--button_padding-top:13px;--button_padding-right:29px;--button_padding-bottom:13px;--button_padding-left:0px;--button_typography-letter-spacing:0.01rem;--button_margin-top:1rem;\" target=\"_blank\" rel=\"noopener noreferrer\" href=\"https:\/\/espacevert.zenoti.com\/webstoreNew\/services\"><span class=\"fusion-button-text\">BOOK ONLINE<\/span><\/a><\/div><\/div><\/div><\/div><\/div>\n<\/p>\n","protected":false},"excerpt":{"rendered":"","protected":false},"author":3,"featured_media":5516,"parent":0,"menu_order":0,"comment_status":"closed","ping_status":"closed","template":"100-width.php","meta":{"footnotes":""},"class_list":["post-5499","page","type-page","status-publish","has-post-thumbnail","hentry"],"yoast_head":"<!-- This site is optimized with the Yoast SEO plugin v25.3.1 - https:\/\/yoast.com\/wordpress\/plugins\/seo\/ -->\n<title>Wildflowers Montreal in Montreal - Spa Vert - Espace Bien-\u00catre<\/title>\n<meta name=\"description\" content=\"Reiki, sound healing, m\u00e9decine \u00e9nerg\u00e9tique chamanique, harmonisation des chakras, gu\u00e9rison synergique offered in a safe space to restore emotional and physical harmony.\" \/>\n<meta name=\"robots\" content=\"index, follow, max-snippet:-1, max-image-preview:large, max-video-preview:-1\" \/>\n<link rel=\"canonical\" href=\"https:\/\/spavert.com\/en\/wildflowers-montreal\/\" \/>\n<meta property=\"og:locale\" content=\"en_US\" \/>\n<meta property=\"og:type\" content=\"article\" \/>\n<meta property=\"og:title\" content=\"Wildflowers Montreal\" \/>\n<meta property=\"og:description\" content=\"These ancient and effective form of energy healing approaches help you find stability and replenish emotional, physical, and spiritual health through the use of both hands-on and hands-off methods.\" \/>\n<meta property=\"og:url\" content=\"https:\/\/spavert.com\/en\/wildflowers-montreal\/\" \/>\n<meta property=\"og:site_name\" content=\"Spa Vert - Espace Bien-\u00catre\" \/>\n<meta property=\"article:publisher\" content=\"https:\/\/www.facebook.com\/spavertmontreal\" \/>\n<meta property=\"article:modified_time\" content=\"2026-05-11T20:50:22+00:00\" \/>\n<meta property=\"og:image\" content=\"https:\/\/spavert.com\/wp-content\/uploads\/2023\/03\/EspaceVert-Services-Energy-Work.jpg\" \/>\n\t<meta property=\"og:image:width\" content=\"1920\" \/>\n\t<meta property=\"og:image:height\" content=\"800\" \/>\n\t<meta property=\"og:image:type\" content=\"image\/jpeg\" \/>\n<meta name=\"twitter:card\" content=\"summary_large_image\" \/>\n<meta name=\"twitter:title\" content=\"Wildflowers Montreal\" \/>\n<meta name=\"twitter:description\" content=\"These ancient and effective form of energy healing approaches help you find stability and replenish emotional, physical, and spiritual health through the use of both hands-on and hands-off methods.\" \/>\n<meta name=\"twitter:image\" content=\"https:\/\/spavert.com\/wp-content\/uploads\/2023\/03\/EspaceVert-Services-Energy-Work.jpg\" \/>\n<meta name=\"twitter:label1\" content=\"Est. reading time\" \/>\n\t<meta name=\"twitter:data1\" content=\"1 minute\" \/>\n<script type=\"application\/ld+json\" class=\"yoast-schema-graph\">{\"@context\":\"https:\/\/schema.org\",\"@graph\":[{\"@type\":[\"Article\",\"BlogPosting\"],\"@id\":\"https:\/\/spavert.com\/en\/wildflowers-montreal\/#article\",\"isPartOf\":{\"@id\":\"https:\/\/spavert.com\/en\/wildflowers-montreal\/\"},\"author\":{\"name\":\"Nassrin Hossain\",\"@id\":\"https:\/\/spavert.com\/en\/#\/schema\/person\/6f7b2e2513bc08f2bbd9d17c5aa8efc6\"},\"headline\":\"Wildflowers Montreal\",\"datePublished\":\"2026-05-11T20:25:02+00:00\",\"dateModified\":\"2026-05-11T20:50:22+00:00\",\"mainEntityOfPage\":{\"@id\":\"https:\/\/spavert.com\/en\/wildflowers-montreal\/\"},\"wordCount\":3192,\"publisher\":{\"@id\":\"https:\/\/spavert.com\/en\/#organization\"},\"image\":{\"@id\":\"https:\/\/spavert.com\/en\/wildflowers-montreal\/#primaryimage\"},\"thumbnailUrl\":\"https:\/\/spavert.com\/wp-content\/uploads\/2026\/05\/IMG_1085-scaled.jpg\",\"inLanguage\":\"en-US\"},{\"@type\":\"WebPage\",\"@id\":\"https:\/\/spavert.com\/en\/wildflowers-montreal\/\",\"url\":\"https:\/\/spavert.com\/en\/wildflowers-montreal\/\",\"name\":\"Wildflowers Montreal in Montreal - Spa Vert - Espace Bien-\u00catre\",\"isPartOf\":{\"@id\":\"https:\/\/spavert.com\/en\/#website\"},\"primaryImageOfPage\":{\"@id\":\"https:\/\/spavert.com\/en\/wildflowers-montreal\/#primaryimage\"},\"image\":{\"@id\":\"https:\/\/spavert.com\/en\/wildflowers-montreal\/#primaryimage\"},\"thumbnailUrl\":\"https:\/\/spavert.com\/wp-content\/uploads\/2026\/05\/IMG_1085-scaled.jpg\",\"datePublished\":\"2026-05-11T20:25:02+00:00\",\"dateModified\":\"2026-05-11T20:50:22+00:00\",\"description\":\"Reiki, sound healing, m\u00e9decine \u00e9nerg\u00e9tique chamanique, harmonisation des chakras, gu\u00e9rison synergique offered in a safe space to restore emotional and physical harmony.\",\"breadcrumb\":{\"@id\":\"https:\/\/spavert.com\/en\/wildflowers-montreal\/#breadcrumb\"},\"inLanguage\":\"en-US\",\"potentialAction\":[{\"@type\":\"ReadAction\",\"target\":[\"https:\/\/spavert.com\/en\/wildflowers-montreal\/\"]}]},{\"@type\":\"ImageObject\",\"inLanguage\":\"en-US\",\"@id\":\"https:\/\/spavert.com\/en\/wildflowers-montreal\/#primaryimage\",\"url\":\"https:\/\/spavert.com\/wp-content\/uploads\/2026\/05\/IMG_1085-scaled.jpg\",\"contentUrl\":\"https:\/\/spavert.com\/wp-content\/uploads\/2026\/05\/IMG_1085-scaled.jpg\",\"width\":2560,\"height\":1920},{\"@type\":\"BreadcrumbList\",\"@id\":\"https:\/\/spavert.com\/en\/wildflowers-montreal\/#breadcrumb\",\"itemListElement\":[{\"@type\":\"ListItem\",\"position\":1,\"name\":\"Home\",\"item\":\"https:\/\/spavert.com\/en\/\"},{\"@type\":\"ListItem\",\"position\":2,\"name\":\"Wildflowers Montreal\"}]},{\"@type\":\"WebSite\",\"@id\":\"https:\/\/spavert.com\/en\/#website\",\"url\":\"https:\/\/spavert.com\/en\/\",\"name\":\"Spa Vert - Espace Bien-\u00catre\",\"description\":\"Espace Bien-\u00catre | Wellness Center\",\"publisher\":{\"@id\":\"https:\/\/spavert.com\/en\/#organization\"},\"alternateName\":\"Spa Vert - Wellness Center\",\"potentialAction\":[{\"@type\":\"SearchAction\",\"target\":{\"@type\":\"EntryPoint\",\"urlTemplate\":\"https:\/\/spavert.com\/en\/?s={search_term_string}\"},\"query-input\":{\"@type\":\"PropertyValueSpecification\",\"valueRequired\":true,\"valueName\":\"search_term_string\"}}],\"inLanguage\":\"en-US\"},{\"@type\":\"Organization\",\"@id\":\"https:\/\/spavert.com\/en\/#organization\",\"name\":\"Spa Vert - Espace Bien-\u00catre\",\"alternateName\":\"Spa Vert\",\"url\":\"https:\/\/spavert.com\/en\/\",\"logo\":{\"@type\":\"ImageObject\",\"inLanguage\":\"en-US\",\"@id\":\"https:\/\/spavert.com\/en\/#\/schema\/logo\/image\/\",\"url\":\"https:\/\/spavert.com\/wp-content\/uploads\/2025\/05\/EspaceSpaVert_Logo_2024_Final2.jpg\",\"contentUrl\":\"https:\/\/spavert.com\/wp-content\/uploads\/2025\/05\/EspaceSpaVert_Logo_2024_Final2.jpg\",\"width\":1200,\"height\":1080,\"caption\":\"Spa Vert - Espace Bien-\u00catre\"},\"image\":{\"@id\":\"https:\/\/spavert.com\/en\/#\/schema\/logo\/image\/\"},\"sameAs\":[\"https:\/\/www.facebook.com\/spavertmontreal\",\"https:\/\/www.instagram.com\/spavert\/\"]},{\"@type\":\"Person\",\"@id\":\"https:\/\/spavert.com\/en\/#\/schema\/person\/6f7b2e2513bc08f2bbd9d17c5aa8efc6\",\"name\":\"Nassrin Hossain\",\"image\":{\"@type\":\"ImageObject\",\"inLanguage\":\"en-US\",\"@id\":\"https:\/\/spavert.com\/en\/#\/schema\/person\/image\/\",\"url\":\"https:\/\/secure.gravatar.com\/avatar\/226a0403b301398561c547b106be01eed4b2a34f261b7903eafb28d49d28af63?s=96&d=mm&r=g\",\"contentUrl\":\"https:\/\/secure.gravatar.com\/avatar\/226a0403b301398561c547b106be01eed4b2a34f261b7903eafb28d49d28af63?s=96&d=mm&r=g\",\"caption\":\"Nassrin Hossain\"},\"url\":\"https:\/\/spavert.com\/en\/author\/nassrin\/\"}]}<\/script>\n<!-- \/ Yoast SEO plugin. -->","yoast_head_json":{"title":"Wildflowers Montreal in Montreal - Spa Vert - Espace Bien-\u00catre","description":"Reiki, sound healing, m\u00e9decine \u00e9nerg\u00e9tique chamanique, harmonisation des chakras, gu\u00e9rison synergique offered in a safe space to restore emotional and physical harmony.","robots":{"index":"index","follow":"follow","max-snippet":"max-snippet:-1","max-image-preview":"max-image-preview:large","max-video-preview":"max-video-preview:-1"},"canonical":"https:\/\/spavert.com\/en\/wildflowers-montreal\/","og_locale":"en_US","og_type":"article","og_title":"Wildflowers Montreal","og_description":"These ancient and effective form of energy healing approaches help you find stability and replenish emotional, physical, and spiritual health through the use of both hands-on and hands-off methods.","og_url":"https:\/\/spavert.com\/en\/wildflowers-montreal\/","og_site_name":"Spa Vert - Espace Bien-\u00catre","article_publisher":"https:\/\/www.facebook.com\/spavertmontreal","article_modified_time":"2026-05-11T20:50:22+00:00","og_image":[{"width":1920,"height":800,"url":"https:\/\/spavert.com\/wp-content\/uploads\/2023\/03\/EspaceVert-Services-Energy-Work.jpg","type":"image\/jpeg"}],"twitter_card":"summary_large_image","twitter_title":"Wildflowers Montreal","twitter_description":"These ancient and effective form of energy healing approaches help you find stability and replenish emotional, physical, and spiritual health through the use of both hands-on and hands-off methods.","twitter_image":"https:\/\/spavert.com\/wp-content\/uploads\/2023\/03\/EspaceVert-Services-Energy-Work.jpg","twitter_misc":{"Est. reading time":"1 minute"},"schema":{"@context":"https:\/\/schema.org","@graph":[{"@type":["Article","BlogPosting"],"@id":"https:\/\/spavert.com\/en\/wildflowers-montreal\/#article","isPartOf":{"@id":"https:\/\/spavert.com\/en\/wildflowers-montreal\/"},"author":{"name":"Nassrin Hossain","@id":"https:\/\/spavert.com\/en\/#\/schema\/person\/6f7b2e2513bc08f2bbd9d17c5aa8efc6"},"headline":"Wildflowers Montreal","datePublished":"2026-05-11T20:25:02+00:00","dateModified":"2026-05-11T20:50:22+00:00","mainEntityOfPage":{"@id":"https:\/\/spavert.com\/en\/wildflowers-montreal\/"},"wordCount":3192,"publisher":{"@id":"https:\/\/spavert.com\/en\/#organization"},"image":{"@id":"https:\/\/spavert.com\/en\/wildflowers-montreal\/#primaryimage"},"thumbnailUrl":"https:\/\/spavert.com\/wp-content\/uploads\/2026\/05\/IMG_1085-scaled.jpg","inLanguage":"en-US"},{"@type":"WebPage","@id":"https:\/\/spavert.com\/en\/wildflowers-montreal\/","url":"https:\/\/spavert.com\/en\/wildflowers-montreal\/","name":"Wildflowers Montreal in Montreal - Spa Vert - Espace Bien-\u00catre","isPartOf":{"@id":"https:\/\/spavert.com\/en\/#website"},"primaryImageOfPage":{"@id":"https:\/\/spavert.com\/en\/wildflowers-montreal\/#primaryimage"},"image":{"@id":"https:\/\/spavert.com\/en\/wildflowers-montreal\/#primaryimage"},"thumbnailUrl":"https:\/\/spavert.com\/wp-content\/uploads\/2026\/05\/IMG_1085-scaled.jpg","datePublished":"2026-05-11T20:25:02+00:00","dateModified":"2026-05-11T20:50:22+00:00","description":"Reiki, sound healing, m\u00e9decine \u00e9nerg\u00e9tique chamanique, harmonisation des chakras, gu\u00e9rison synergique offered in a safe space to restore emotional and physical harmony.","breadcrumb":{"@id":"https:\/\/spavert.com\/en\/wildflowers-montreal\/#breadcrumb"},"inLanguage":"en-US","potentialAction":[{"@type":"ReadAction","target":["https:\/\/spavert.com\/en\/wildflowers-montreal\/"]}]},{"@type":"ImageObject","inLanguage":"en-US","@id":"https:\/\/spavert.com\/en\/wildflowers-montreal\/#primaryimage","url":"https:\/\/spavert.com\/wp-content\/uploads\/2026\/05\/IMG_1085-scaled.jpg","contentUrl":"https:\/\/spavert.com\/wp-content\/uploads\/2026\/05\/IMG_1085-scaled.jpg","width":2560,"height":1920},{"@type":"BreadcrumbList","@id":"https:\/\/spavert.com\/en\/wildflowers-montreal\/#breadcrumb","itemListElement":[{"@type":"ListItem","position":1,"name":"Home","item":"https:\/\/spavert.com\/en\/"},{"@type":"ListItem","position":2,"name":"Wildflowers Montreal"}]},{"@type":"WebSite","@id":"https:\/\/spavert.com\/en\/#website","url":"https:\/\/spavert.com\/en\/","name":"Spa Vert - Espace Bien-\u00catre","description":"Espace Bien-\u00catre | Wellness Center","publisher":{"@id":"https:\/\/spavert.com\/en\/#organization"},"alternateName":"Spa Vert - Wellness Center","potentialAction":[{"@type":"SearchAction","target":{"@type":"EntryPoint","urlTemplate":"https:\/\/spavert.com\/en\/?s={search_term_string}"},"query-input":{"@type":"PropertyValueSpecification","valueRequired":true,"valueName":"search_term_string"}}],"inLanguage":"en-US"},{"@type":"Organization","@id":"https:\/\/spavert.com\/en\/#organization","name":"Spa Vert - Espace Bien-\u00catre","alternateName":"Spa Vert","url":"https:\/\/spavert.com\/en\/","logo":{"@type":"ImageObject","inLanguage":"en-US","@id":"https:\/\/spavert.com\/en\/#\/schema\/logo\/image\/","url":"https:\/\/spavert.com\/wp-content\/uploads\/2025\/05\/EspaceSpaVert_Logo_2024_Final2.jpg","contentUrl":"https:\/\/spavert.com\/wp-content\/uploads\/2025\/05\/EspaceSpaVert_Logo_2024_Final2.jpg","width":1200,"height":1080,"caption":"Spa Vert - Espace Bien-\u00catre"},"image":{"@id":"https:\/\/spavert.com\/en\/#\/schema\/logo\/image\/"},"sameAs":["https:\/\/www.facebook.com\/spavertmontreal","https:\/\/www.instagram.com\/spavert\/"]},{"@type":"Person","@id":"https:\/\/spavert.com\/en\/#\/schema\/person\/6f7b2e2513bc08f2bbd9d17c5aa8efc6","name":"Nassrin Hossain","image":{"@type":"ImageObject","inLanguage":"en-US","@id":"https:\/\/spavert.com\/en\/#\/schema\/person\/image\/","url":"https:\/\/secure.gravatar.com\/avatar\/226a0403b301398561c547b106be01eed4b2a34f261b7903eafb28d49d28af63?s=96&d=mm&r=g","contentUrl":"https:\/\/secure.gravatar.com\/avatar\/226a0403b301398561c547b106be01eed4b2a34f261b7903eafb28d49d28af63?s=96&d=mm&r=g","caption":"Nassrin Hossain"},"url":"https:\/\/spavert.com\/en\/author\/nassrin\/"}]}},"_links":{"self":[{"href":"https:\/\/spavert.com\/en\/wp-json\/wp\/v2\/pages\/5499","targetHints":{"allow":["GET"]}}],"collection":[{"href":"https:\/\/spavert.com\/en\/wp-json\/wp\/v2\/pages"}],"about":[{"href":"https:\/\/spavert.com\/en\/wp-json\/wp\/v2\/types\/page"}],"author":[{"embeddable":true,"href":"https:\/\/spavert.com\/en\/wp-json\/wp\/v2\/users\/3"}],"replies":[{"embeddable":true,"href":"https:\/\/spavert.com\/en\/wp-json\/wp\/v2\/comments?post=5499"}],"version-history":[{"count":11,"href":"https:\/\/spavert.com\/en\/wp-json\/wp\/v2\/pages\/5499\/revisions"}],"predecessor-version":[{"id":5533,"href":"https:\/\/spavert.com\/en\/wp-json\/wp\/v2\/pages\/5499\/revisions\/5533"}],"wp:featuredmedia":[{"embeddable":true,"href":"https:\/\/spavert.com\/en\/wp-json\/wp\/v2\/media\/5516"}],"wp:attachment":[{"href":"https:\/\/spavert.com\/en\/wp-json\/wp\/v2\/media?parent=5499"}],"curies":[{"name":"wp","href":"https:\/\/api.w.org\/{rel}","templated":true}]}}