{"id":4792,"date":"2026-01-22T21:44:14","date_gmt":"2026-01-23T02:44:14","guid":{"rendered":"https:\/\/spavert.com\/?page_id=4792"},"modified":"2026-01-22T22:41:55","modified_gmt":"2026-01-23T03:41:55","slug":"meditation-resources-spa-vert","status":"publish","type":"page","link":"https:\/\/spavert.com\/en\/meditation-resources-spa-vert\/","title":{"rendered":"Meditation | Resources Spa Vert"},"content":{"rendered":"<p><div class=\"fusion-fullwidth fullwidth-box fusion-builder-row-1 fusion-flex-container has-pattern-background has-mask-background fusion-parallax-none nonhundred-percent-fullwidth non-hundred-percent-height-scrolling lazyload\" style=\"--awb-border-radius-top-left:0px;--awb-border-radius-top-right:0px;--awb-border-radius-bottom-right:0px;--awb-border-radius-bottom-left:0px;--awb-min-height:500px;--awb-background-size:cover;--awb-flex-wrap:wrap;\" data-bg=\"https:\/\/spavert.com\/wp-content\/uploads\/2023\/03\/EspaceVert-Services-TCM.jpg\" ><div class=\"fusion-builder-row fusion-row fusion-flex-align-items-flex-end fusion-flex-content-wrap\" style=\"max-width:1216.8px;margin-left: calc(-4% \/ 2 );margin-right: calc(-4% \/ 2 );\"><div class=\"fusion-layout-column fusion_builder_column fusion-builder-column-0 fusion_builder_column_1_1 1_1 fusion-flex-column\" style=\"--awb-bg-size:cover;--awb-width-large:100%;--awb-margin-top-large:20px;--awb-spacing-right-large:1.92%;--awb-margin-bottom-large:20px;--awb-spacing-left-large:1.92%;--awb-width-medium:100%;--awb-order-medium:0;--awb-spacing-right-medium:1.92%;--awb-spacing-left-medium:1.92%;--awb-width-small:100%;--awb-order-small:0;--awb-spacing-right-small:1.92%;--awb-spacing-left-small:1.92%;\" data-scroll-devices=\"small-visibility,medium-visibility,large-visibility\"><div class=\"fusion-column-wrapper fusion-column-has-shadow fusion-flex-justify-content-flex-start fusion-content-layout-column\"><div class=\"fusion-title title fusion-title-1 fusion-title-text fusion-title-size-four\" style=\"--awb-text-color:var(--awb-color1);--awb-margin-bottom:0px;\"><div class=\"title-sep-container title-sep-container-left fusion-no-large-visibility fusion-no-medium-visibility fusion-no-small-visibility\"><div class=\"title-sep sep- sep-solid\" style=\"border-color:var(--awb-color3);\"><\/div><\/div><span class=\"awb-title-spacer fusion-no-large-visibility fusion-no-medium-visibility fusion-no-small-visibility\"><\/span><h4 class=\"fusion-title-heading title-heading-left fusion-responsive-typography-calculated\" style=\"margin:0;--fontSize:39.6;line-height:var(--awb-typography1-line-height);\">Resources<\/h4><span class=\"awb-title-spacer\"><\/span><div class=\"title-sep-container title-sep-container-right\"><div class=\"title-sep sep- sep-solid\" style=\"border-color:var(--awb-color3);\"><\/div><\/div><\/div><div class=\"fusion-separator\" style=\"align-self: flex-start;margin-right:auto;margin-top:10px;margin-bottom:5px;width:100%;max-width:200px;\"><div class=\"fusion-separator-border sep-single sep-solid\" style=\"--awb-height:20px;--awb-amount:20px;border-color:var(--awb-color5);border-top-width:10px;\"><\/div><\/div><div class=\"fusion-title title fusion-title-2 fusion-title-text fusion-title-size-one\" style=\"--awb-text-color:var(--awb-color1);--awb-margin-bottom:1.5rem;\"><div class=\"title-sep-container title-sep-container-left fusion-no-large-visibility fusion-no-medium-visibility fusion-no-small-visibility\"><div class=\"title-sep sep- sep-solid\" style=\"border-color:var(--awb-color3);\"><\/div><\/div><span class=\"awb-title-spacer fusion-no-large-visibility fusion-no-medium-visibility fusion-no-small-visibility\"><\/span><h1 class=\"fusion-title-heading title-heading-left fusion-responsive-typography-calculated\" style=\"margin:0;--fontSize:72;line-height:1.33;\"><p class=\"fusion-title-heading title-heading-center fusion-responsive-typography-calculated\">Meditation<\/p><\/h1><span class=\"awb-title-spacer\"><\/span><div class=\"title-sep-container title-sep-container-right\"><div class=\"title-sep sep- sep-solid\" style=\"border-color:var(--awb-color3);\"><\/div><\/div><\/div><\/div><\/div><\/div><\/div><div class=\"fusion-fullwidth fullwidth-box fusion-builder-row-2 fusion-flex-container has-pattern-background has-mask-background nonhundred-percent-fullwidth non-hundred-percent-height-scrolling\" style=\"--awb-border-radius-top-left:0px;--awb-border-radius-top-right:0px;--awb-border-radius-bottom-right:0px;--awb-border-radius-bottom-left:0px;--awb-padding-top:2rem;--awb-padding-bottom:2rem;--awb-flex-wrap:wrap;\" ><div class=\"fusion-builder-row fusion-row fusion-flex-align-items-center fusion-flex-justify-content-space-evenly fusion-flex-content-wrap\" style=\"max-width:1216.8px;margin-left: calc(-4% \/ 2 );margin-right: calc(-4% \/ 2 );\"><div class=\"fusion-layout-column fusion_builder_column fusion-builder-column-1 fusion_builder_column_1_1 1_1 fusion-flex-column\" style=\"--awb-bg-size:cover;--awb-width-large:100%;--awb-margin-top-large:1rem;--awb-spacing-right-large:1.92%;--awb-margin-bottom-large:1rem;--awb-spacing-left-large:1.92%;--awb-width-medium:100%;--awb-order-medium:0;--awb-spacing-right-medium:1.92%;--awb-spacing-left-medium:1.92%;--awb-width-small:100%;--awb-order-small:0;--awb-spacing-right-small:1.92%;--awb-spacing-left-small:1.92%;\" id=\"trucs\"><div class=\"fusion-column-wrapper fusion-column-has-shadow fusion-flex-justify-content-flex-start fusion-content-layout-column\"><div class=\"fusion-video fusion-youtube\" style=\"--awb-max-width:1920px;--awb-max-height:1080px;\"><div class=\"video-shortcode\"><lite-youtube videoid=\"3qQprcaOeYM\" class=\"landscape\" params=\"wmode=transparent&autoplay=1&enablejsapi=1\" title=\"YouTube video player 1\" width=\"1920\" height=\"1080\" data-thumbnail-size=\"auto\"><\/lite-youtube><\/div><\/div><\/div><\/div><\/div><\/div><div class=\"fusion-fullwidth fullwidth-box fusion-builder-row-3 fusion-flex-container has-pattern-background has-mask-background fusion-parallax-none nonhundred-percent-fullwidth non-hundred-percent-height-scrolling lazyload\" style=\"--awb-border-radius-top-left:0px;--awb-border-radius-top-right:0px;--awb-border-radius-bottom-right:0px;--awb-border-radius-bottom-left:0px;--awb-min-height:500px;--awb-background-size:cover;--awb-flex-wrap:wrap;\" data-bg=\"https:\/\/spavert.com\/wp-content\/uploads\/2023\/03\/Espace-Vert-Services-Booking-Banner.jpg\" ><div class=\"fusion-builder-row fusion-row fusion-flex-align-items-center fusion-flex-content-wrap\" style=\"max-width:1216.8px;margin-left: calc(-4% \/ 2 );margin-right: calc(-4% \/ 2 );\"><div class=\"fusion-layout-column fusion_builder_column fusion-builder-column-2 fusion_builder_column_1_1 1_1 fusion-flex-column\" style=\"--awb-bg-size:cover;--awb-width-large:100%;--awb-margin-top-large:20px;--awb-spacing-right-large:1.92%;--awb-margin-bottom-large:20px;--awb-spacing-left-large:1.92%;--awb-width-medium:100%;--awb-order-medium:0;--awb-spacing-right-medium:1.92%;--awb-spacing-left-medium:1.92%;--awb-width-small:100%;--awb-order-small:0;--awb-spacing-right-small:1.92%;--awb-spacing-left-small:1.92%;\"><div class=\"fusion-column-wrapper fusion-column-has-shadow fusion-flex-justify-content-center fusion-content-layout-column\"><div class=\"fusion-title title fusion-title-3 fusion-title-text fusion-title-size-two\" style=\"--awb-text-color:var(--awb-color1);--awb-margin-bottom:1rem;\"><div class=\"title-sep-container title-sep-container-left fusion-no-large-visibility fusion-no-medium-visibility fusion-no-small-visibility\"><div class=\"title-sep sep- sep-solid\" style=\"border-color:var(--awb-color3);\"><\/div><\/div><span class=\"awb-title-spacer fusion-no-large-visibility fusion-no-medium-visibility fusion-no-small-visibility\"><\/span><h2 class=\"fusion-title-heading title-heading-left fusion-responsive-typography-calculated\" style=\"margin:0;--fontSize:54;line-height:1.4;\">Book your Experience<\/h2><span class=\"awb-title-spacer\"><\/span><div class=\"title-sep-container title-sep-container-right\"><div class=\"title-sep sep- sep-solid\" style=\"border-color:var(--awb-color3);\"><\/div><\/div><\/div><div class=\"fusion-separator\" style=\"align-self: flex-start;margin-right:auto;margin-top:10px;margin-bottom:5px;width:100%;max-width:200px;\"><div class=\"fusion-separator-border sep-single sep-solid\" style=\"--awb-height:20px;--awb-amount:20px;border-color:var(--awb-color5);border-top-width:10px;\"><\/div><\/div><div style=\"text-align:left;\"><a class=\"fusion-button button-flat fusion-button-default-size button-custom fusion-button-default button-1 fusion-button-default-span fusion-button-default-type\" style=\"--button_accent_color:#ffffff;--button_border_color:#ffffff;--button_accent_hover_color:var(--awb-color1);--button_border_hover_color:var(--awb-color1);--button_gradient_top_color:rgba(255,255,255,0);--button_gradient_bottom_color:rgba(255,255,255,0);--button_gradient_top_color_hover:rgba(255,255,255,0);--button_gradient_bottom_color_hover:rgba(255,255,255,0);--button_font_size:24px;--button_padding-top:13px;--button_padding-right:29px;--button_padding-bottom:13px;--button_padding-left:0px;--button_typography-letter-spacing:0.01rem;--button_margin-top:1rem;\" target=\"_blank\" rel=\"noopener noreferrer\" href=\"https:\/\/espacevert.zenoti.com\/webstoreNew\/services\"><span class=\"fusion-button-text\">BOOK ONLINE<\/span><\/a><\/div><\/div><\/div><\/div><\/div>\n<\/p>\n","protected":false},"excerpt":{"rendered":"","protected":false},"author":7,"featured_media":2941,"parent":0,"menu_order":0,"comment_status":"closed","ping_status":"closed","template":"100-width.php","meta":{"footnotes":""},"class_list":["post-4792","page","type-page","status-publish","has-post-thumbnail","hentry"],"yoast_head":"<!-- This site is optimized with the Yoast SEO plugin v25.3.1 - https:\/\/yoast.com\/wordpress\/plugins\/seo\/ -->\n<title>Ressources - Spa Vert - Espace Bien-\u00catre<\/title>\n<meta name=\"description\" content=\"Explorez les ressources sant\u00e9 de Spa Vert, qui offrent des rem\u00e8des naturels, des conseils d\u2019autosoins et des pratiques de bien-\u00eatre holistique pour soutenir votre sant\u00e9.\" \/>\n<meta name=\"robots\" content=\"index, follow, max-snippet:-1, max-image-preview:large, max-video-preview:-1\" \/>\n<link rel=\"canonical\" href=\"https:\/\/spavert.com\/en\/meditation-resources-spa-vert\/\" \/>\n<meta property=\"og:locale\" content=\"en_US\" \/>\n<meta property=\"og:type\" content=\"article\" \/>\n<meta property=\"og:title\" content=\"Meditation | Resources Spa Vert\" \/>\n<meta property=\"og:description\" content=\"Whether you are looking to sink into a deep state of relaxation or work on a long lasting injury, to explore aromatherapy or experience something truly distinctive, we\u2019ll find the right fit for you!\" \/>\n<meta property=\"og:url\" content=\"https:\/\/spavert.com\/en\/meditation-resources-spa-vert\/\" \/>\n<meta property=\"og:site_name\" content=\"Spa Vert - Espace Bien-\u00catre\" \/>\n<meta property=\"article:publisher\" content=\"https:\/\/www.facebook.com\/spavertmontreal\" \/>\n<meta property=\"article:modified_time\" content=\"2026-01-23T03:41:55+00:00\" \/>\n<meta property=\"og:image\" content=\"https:\/\/spavert.com\/wp-content\/uploads\/2023\/03\/Espace-Vert-Services-Massage.jpg\" \/>\n\t<meta property=\"og:image:width\" content=\"1080\" \/>\n\t<meta property=\"og:image:height\" content=\"1080\" \/>\n\t<meta property=\"og:image:type\" content=\"image\/jpeg\" \/>\n<meta name=\"twitter:card\" content=\"summary_large_image\" \/>\n<meta name=\"twitter:title\" content=\"Meditation | Resources Spa Vert\" \/>\n<meta name=\"twitter:description\" content=\"Whether you are looking to sink into a deep state of relaxation or work on a long lasting injury, to explore aromatherapy or experience something truly distinctive, we\u2019ll find the right fit for you!\" \/>\n<meta name=\"twitter:image\" content=\"https:\/\/spavert.com\/wp-content\/uploads\/2023\/03\/Espace-Vert-Services-Massage.jpg\" \/>\n<meta name=\"twitter:label1\" content=\"Est. reading time\" \/>\n\t<meta name=\"twitter:data1\" content=\"1 minute\" \/>\n<script type=\"application\/ld+json\" class=\"yoast-schema-graph\">{\"@context\":\"https:\/\/schema.org\",\"@graph\":[{\"@type\":[\"Article\",\"BlogPosting\"],\"@id\":\"https:\/\/spavert.com\/en\/meditation-resources-spa-vert\/#article\",\"isPartOf\":{\"@id\":\"https:\/\/spavert.com\/en\/meditation-resources-spa-vert\/\"},\"author\":{\"name\":\"Lisa Major\",\"@id\":\"https:\/\/spavert.com\/en\/#\/schema\/person\/2df504ec16ea62a7fca138bf50a1598e\"},\"headline\":\"Meditation | Resources Spa Vert\",\"datePublished\":\"2026-01-23T02:44:14+00:00\",\"dateModified\":\"2026-01-23T03:41:55+00:00\",\"mainEntityOfPage\":{\"@id\":\"https:\/\/spavert.com\/en\/meditation-resources-spa-vert\/\"},\"wordCount\":1282,\"publisher\":{\"@id\":\"https:\/\/spavert.com\/en\/#organization\"},\"image\":{\"@id\":\"https:\/\/spavert.com\/en\/meditation-resources-spa-vert\/#primaryimage\"},\"thumbnailUrl\":\"https:\/\/spavert.com\/wp-content\/uploads\/2024\/05\/DSC7038-scaled.jpg\",\"inLanguage\":\"en-US\"},{\"@type\":\"WebPage\",\"@id\":\"https:\/\/spavert.com\/en\/meditation-resources-spa-vert\/\",\"url\":\"https:\/\/spavert.com\/en\/meditation-resources-spa-vert\/\",\"name\":\"Ressources - Spa Vert - Espace Bien-\u00catre\",\"isPartOf\":{\"@id\":\"https:\/\/spavert.com\/en\/#website\"},\"primaryImageOfPage\":{\"@id\":\"https:\/\/spavert.com\/en\/meditation-resources-spa-vert\/#primaryimage\"},\"image\":{\"@id\":\"https:\/\/spavert.com\/en\/meditation-resources-spa-vert\/#primaryimage\"},\"thumbnailUrl\":\"https:\/\/spavert.com\/wp-content\/uploads\/2024\/05\/DSC7038-scaled.jpg\",\"datePublished\":\"2026-01-23T02:44:14+00:00\",\"dateModified\":\"2026-01-23T03:41:55+00:00\",\"description\":\"Explorez les ressources sant\u00e9 de Spa Vert, qui offrent des rem\u00e8des naturels, des conseils d\u2019autosoins et des pratiques de bien-\u00eatre holistique pour soutenir votre sant\u00e9.\",\"breadcrumb\":{\"@id\":\"https:\/\/spavert.com\/en\/meditation-resources-spa-vert\/#breadcrumb\"},\"inLanguage\":\"en-US\",\"potentialAction\":[{\"@type\":\"ReadAction\",\"target\":[\"https:\/\/spavert.com\/en\/meditation-resources-spa-vert\/\"]}]},{\"@type\":\"ImageObject\",\"inLanguage\":\"en-US\",\"@id\":\"https:\/\/spavert.com\/en\/meditation-resources-spa-vert\/#primaryimage\",\"url\":\"https:\/\/spavert.com\/wp-content\/uploads\/2024\/05\/DSC7038-scaled.jpg\",\"contentUrl\":\"https:\/\/spavert.com\/wp-content\/uploads\/2024\/05\/DSC7038-scaled.jpg\",\"width\":2560,\"height\":1709,\"caption\":\"Ressources\"},{\"@type\":\"BreadcrumbList\",\"@id\":\"https:\/\/spavert.com\/en\/meditation-resources-spa-vert\/#breadcrumb\",\"itemListElement\":[{\"@type\":\"ListItem\",\"position\":1,\"name\":\"Home\",\"item\":\"https:\/\/spavert.com\/en\/\"},{\"@type\":\"ListItem\",\"position\":2,\"name\":\"Meditation | Resources Spa Vert\"}]},{\"@type\":\"WebSite\",\"@id\":\"https:\/\/spavert.com\/en\/#website\",\"url\":\"https:\/\/spavert.com\/en\/\",\"name\":\"Spa Vert - Espace Bien-\u00catre\",\"description\":\"Espace Bien-\u00catre | Wellness Center\",\"publisher\":{\"@id\":\"https:\/\/spavert.com\/en\/#organization\"},\"alternateName\":\"Spa Vert - Wellness Center\",\"potentialAction\":[{\"@type\":\"SearchAction\",\"target\":{\"@type\":\"EntryPoint\",\"urlTemplate\":\"https:\/\/spavert.com\/en\/?s={search_term_string}\"},\"query-input\":{\"@type\":\"PropertyValueSpecification\",\"valueRequired\":true,\"valueName\":\"search_term_string\"}}],\"inLanguage\":\"en-US\"},{\"@type\":\"Organization\",\"@id\":\"https:\/\/spavert.com\/en\/#organization\",\"name\":\"Spa Vert - Espace Bien-\u00catre\",\"alternateName\":\"Spa Vert\",\"url\":\"https:\/\/spavert.com\/en\/\",\"logo\":{\"@type\":\"ImageObject\",\"inLanguage\":\"en-US\",\"@id\":\"https:\/\/spavert.com\/en\/#\/schema\/logo\/image\/\",\"url\":\"https:\/\/spavert.com\/wp-content\/uploads\/2025\/05\/EspaceSpaVert_Logo_2024_Final2.jpg\",\"contentUrl\":\"https:\/\/spavert.com\/wp-content\/uploads\/2025\/05\/EspaceSpaVert_Logo_2024_Final2.jpg\",\"width\":1200,\"height\":1080,\"caption\":\"Spa Vert - Espace Bien-\u00catre\"},\"image\":{\"@id\":\"https:\/\/spavert.com\/en\/#\/schema\/logo\/image\/\"},\"sameAs\":[\"https:\/\/www.facebook.com\/spavertmontreal\",\"https:\/\/www.instagram.com\/spavert\/\"]},{\"@type\":\"Person\",\"@id\":\"https:\/\/spavert.com\/en\/#\/schema\/person\/2df504ec16ea62a7fca138bf50a1598e\",\"name\":\"Lisa Major\",\"image\":{\"@type\":\"ImageObject\",\"inLanguage\":\"en-US\",\"@id\":\"https:\/\/spavert.com\/en\/#\/schema\/person\/image\/\",\"url\":\"https:\/\/secure.gravatar.com\/avatar\/928574e7a4e9b1564538b81d890d1bb099d187889be81b0acbebd828edbeadaf?s=96&d=mm&r=g\",\"contentUrl\":\"https:\/\/secure.gravatar.com\/avatar\/928574e7a4e9b1564538b81d890d1bb099d187889be81b0acbebd828edbeadaf?s=96&d=mm&r=g\",\"caption\":\"Lisa Major\"},\"url\":\"https:\/\/spavert.com\/en\/author\/lisa\/\"}]}<\/script>\n<!-- \/ Yoast SEO plugin. -->","yoast_head_json":{"title":"Ressources - Spa Vert - Espace Bien-\u00catre","description":"Explorez les ressources sant\u00e9 de Spa Vert, qui offrent des rem\u00e8des naturels, des conseils d\u2019autosoins et des pratiques de bien-\u00eatre holistique pour soutenir votre sant\u00e9.","robots":{"index":"index","follow":"follow","max-snippet":"max-snippet:-1","max-image-preview":"max-image-preview:large","max-video-preview":"max-video-preview:-1"},"canonical":"https:\/\/spavert.com\/en\/meditation-resources-spa-vert\/","og_locale":"en_US","og_type":"article","og_title":"Meditation | Resources Spa Vert","og_description":"Whether you are looking to sink into a deep state of relaxation or work on a long lasting injury, to explore aromatherapy or experience something truly distinctive, we\u2019ll find the right fit for you!","og_url":"https:\/\/spavert.com\/en\/meditation-resources-spa-vert\/","og_site_name":"Spa Vert - Espace Bien-\u00catre","article_publisher":"https:\/\/www.facebook.com\/spavertmontreal","article_modified_time":"2026-01-23T03:41:55+00:00","og_image":[{"width":1080,"height":1080,"url":"https:\/\/spavert.com\/wp-content\/uploads\/2023\/03\/Espace-Vert-Services-Massage.jpg","type":"image\/jpeg"}],"twitter_card":"summary_large_image","twitter_title":"Meditation | Resources Spa Vert","twitter_description":"Whether you are looking to sink into a deep state of relaxation or work on a long lasting injury, to explore aromatherapy or experience something truly distinctive, we\u2019ll find the right fit for you!","twitter_image":"https:\/\/spavert.com\/wp-content\/uploads\/2023\/03\/Espace-Vert-Services-Massage.jpg","twitter_misc":{"Est. reading time":"1 minute"},"schema":{"@context":"https:\/\/schema.org","@graph":[{"@type":["Article","BlogPosting"],"@id":"https:\/\/spavert.com\/en\/meditation-resources-spa-vert\/#article","isPartOf":{"@id":"https:\/\/spavert.com\/en\/meditation-resources-spa-vert\/"},"author":{"name":"Lisa Major","@id":"https:\/\/spavert.com\/en\/#\/schema\/person\/2df504ec16ea62a7fca138bf50a1598e"},"headline":"Meditation | Resources Spa Vert","datePublished":"2026-01-23T02:44:14+00:00","dateModified":"2026-01-23T03:41:55+00:00","mainEntityOfPage":{"@id":"https:\/\/spavert.com\/en\/meditation-resources-spa-vert\/"},"wordCount":1282,"publisher":{"@id":"https:\/\/spavert.com\/en\/#organization"},"image":{"@id":"https:\/\/spavert.com\/en\/meditation-resources-spa-vert\/#primaryimage"},"thumbnailUrl":"https:\/\/spavert.com\/wp-content\/uploads\/2024\/05\/DSC7038-scaled.jpg","inLanguage":"en-US"},{"@type":"WebPage","@id":"https:\/\/spavert.com\/en\/meditation-resources-spa-vert\/","url":"https:\/\/spavert.com\/en\/meditation-resources-spa-vert\/","name":"Ressources - Spa Vert - Espace Bien-\u00catre","isPartOf":{"@id":"https:\/\/spavert.com\/en\/#website"},"primaryImageOfPage":{"@id":"https:\/\/spavert.com\/en\/meditation-resources-spa-vert\/#primaryimage"},"image":{"@id":"https:\/\/spavert.com\/en\/meditation-resources-spa-vert\/#primaryimage"},"thumbnailUrl":"https:\/\/spavert.com\/wp-content\/uploads\/2024\/05\/DSC7038-scaled.jpg","datePublished":"2026-01-23T02:44:14+00:00","dateModified":"2026-01-23T03:41:55+00:00","description":"Explorez les ressources sant\u00e9 de Spa Vert, qui offrent des rem\u00e8des naturels, des conseils d\u2019autosoins et des pratiques de bien-\u00eatre holistique pour soutenir votre sant\u00e9.","breadcrumb":{"@id":"https:\/\/spavert.com\/en\/meditation-resources-spa-vert\/#breadcrumb"},"inLanguage":"en-US","potentialAction":[{"@type":"ReadAction","target":["https:\/\/spavert.com\/en\/meditation-resources-spa-vert\/"]}]},{"@type":"ImageObject","inLanguage":"en-US","@id":"https:\/\/spavert.com\/en\/meditation-resources-spa-vert\/#primaryimage","url":"https:\/\/spavert.com\/wp-content\/uploads\/2024\/05\/DSC7038-scaled.jpg","contentUrl":"https:\/\/spavert.com\/wp-content\/uploads\/2024\/05\/DSC7038-scaled.jpg","width":2560,"height":1709,"caption":"Ressources"},{"@type":"BreadcrumbList","@id":"https:\/\/spavert.com\/en\/meditation-resources-spa-vert\/#breadcrumb","itemListElement":[{"@type":"ListItem","position":1,"name":"Home","item":"https:\/\/spavert.com\/en\/"},{"@type":"ListItem","position":2,"name":"Meditation | Resources Spa Vert"}]},{"@type":"WebSite","@id":"https:\/\/spavert.com\/en\/#website","url":"https:\/\/spavert.com\/en\/","name":"Spa Vert - Espace Bien-\u00catre","description":"Espace Bien-\u00catre | Wellness Center","publisher":{"@id":"https:\/\/spavert.com\/en\/#organization"},"alternateName":"Spa Vert - Wellness Center","potentialAction":[{"@type":"SearchAction","target":{"@type":"EntryPoint","urlTemplate":"https:\/\/spavert.com\/en\/?s={search_term_string}"},"query-input":{"@type":"PropertyValueSpecification","valueRequired":true,"valueName":"search_term_string"}}],"inLanguage":"en-US"},{"@type":"Organization","@id":"https:\/\/spavert.com\/en\/#organization","name":"Spa Vert - Espace Bien-\u00catre","alternateName":"Spa Vert","url":"https:\/\/spavert.com\/en\/","logo":{"@type":"ImageObject","inLanguage":"en-US","@id":"https:\/\/spavert.com\/en\/#\/schema\/logo\/image\/","url":"https:\/\/spavert.com\/wp-content\/uploads\/2025\/05\/EspaceSpaVert_Logo_2024_Final2.jpg","contentUrl":"https:\/\/spavert.com\/wp-content\/uploads\/2025\/05\/EspaceSpaVert_Logo_2024_Final2.jpg","width":1200,"height":1080,"caption":"Spa Vert - Espace Bien-\u00catre"},"image":{"@id":"https:\/\/spavert.com\/en\/#\/schema\/logo\/image\/"},"sameAs":["https:\/\/www.facebook.com\/spavertmontreal","https:\/\/www.instagram.com\/spavert\/"]},{"@type":"Person","@id":"https:\/\/spavert.com\/en\/#\/schema\/person\/2df504ec16ea62a7fca138bf50a1598e","name":"Lisa Major","image":{"@type":"ImageObject","inLanguage":"en-US","@id":"https:\/\/spavert.com\/en\/#\/schema\/person\/image\/","url":"https:\/\/secure.gravatar.com\/avatar\/928574e7a4e9b1564538b81d890d1bb099d187889be81b0acbebd828edbeadaf?s=96&d=mm&r=g","contentUrl":"https:\/\/secure.gravatar.com\/avatar\/928574e7a4e9b1564538b81d890d1bb099d187889be81b0acbebd828edbeadaf?s=96&d=mm&r=g","caption":"Lisa Major"},"url":"https:\/\/spavert.com\/en\/author\/lisa\/"}]}},"_links":{"self":[{"href":"https:\/\/spavert.com\/en\/wp-json\/wp\/v2\/pages\/4792","targetHints":{"allow":["GET"]}}],"collection":[{"href":"https:\/\/spavert.com\/en\/wp-json\/wp\/v2\/pages"}],"about":[{"href":"https:\/\/spavert.com\/en\/wp-json\/wp\/v2\/types\/page"}],"author":[{"embeddable":true,"href":"https:\/\/spavert.com\/en\/wp-json\/wp\/v2\/users\/7"}],"replies":[{"embeddable":true,"href":"https:\/\/spavert.com\/en\/wp-json\/wp\/v2\/comments?post=4792"}],"version-history":[{"count":3,"href":"https:\/\/spavert.com\/en\/wp-json\/wp\/v2\/pages\/4792\/revisions"}],"predecessor-version":[{"id":4830,"href":"https:\/\/spavert.com\/en\/wp-json\/wp\/v2\/pages\/4792\/revisions\/4830"}],"wp:featuredmedia":[{"embeddable":true,"href":"https:\/\/spavert.com\/en\/wp-json\/wp\/v2\/media\/2941"}],"wp:attachment":[{"href":"https:\/\/spavert.com\/en\/wp-json\/wp\/v2\/media?parent=4792"}],"curies":[{"name":"wp","href":"https:\/\/api.w.org\/{rel}","templated":true}]}}